{"id":1144,"date":"2016-03-25T18:27:55","date_gmt":"2016-03-25T17:27:55","guid":{"rendered":"http:\/\/francois-pinon-vouvray.com\/en\/?page_id=1144"},"modified":"2016-03-25T18:52:07","modified_gmt":"2016-03-25T17:52:07","slug":"general-conditions","status":"publish","type":"page","link":"https:\/\/francois-pinon-vouvray.com\/en\/general-conditions\/","title":{"rendered":"General Conditions"},"content":{"rendered":"<h5><strong>\u00c9DITEUR DU SITE<\/strong><\/h5>\n<p>Fran\u00e7ois Pinon<br \/>\nRaison sociale : SCEA Fran\u00e7ois PINON<\/p>\n<p>&nbsp;<\/p>\n<h5><strong>DIRECTEUR DE LA PUBLICATION<\/strong><\/h5>\n<p>M. Julien PINON en sa qualit\u00e9 de xxxx.<\/p>\n<p>&nbsp;<\/p>\n<h5><strong>H\u00c9BERGEMENT<\/strong><\/h5>\n<p>OVH<br \/>\n2 rue Kellermann<br \/>\n59100 Roubaix<br \/>\nFrance<\/p>\n<p>&nbsp;<\/p>\n<h5><strong>DESIGN ET INT\u00c9GRATION<\/strong><\/h5>\n<p>DESIGN : <a href=\"http:\/\/gregoireaudeguy.free.fr\/\" target=\"_blank\">Gr\u00e9goire Audeguy<\/a><br \/>\nINT\u00c9GRATION &amp; D\u00c9VELOPPEMENT : <a href=\"http:\/\/www.mathilde-letard.com\" target=\"_blank\">Mathilde Letard<\/a><\/p>\n","protected":false},"excerpt":{"rendered":"<p>\u00c9DITEUR DU SITE Fran\u00e7ois Pinon Raison sociale : SCEA Fran\u00e7ois PINON &nbsp; DIRECTEUR DE LA PUBLICATION M. Julien PINON en sa qualit\u00e9 de xxxx. &nbsp; H\u00c9BERGEMENT OVH 2 rue Kellermann 59100 Roubaix France &nbsp; DESIGN ET INT\u00c9GRATION DESIGN : Gr\u00e9goire Audeguy INT\u00c9GRATION &amp; D\u00c9VELOPPEMENT : Mathilde Letard<\/p>\n","protected":false},"author":1,"featured_media":0,"parent":0,"menu_order":0,"comment_status":"closed","ping_status":"closed","template":"","meta":[],"yoast_head":"<!-- This site is optimized with the Yoast SEO plugin v16.2 - https:\/\/yoast.com\/wordpress\/plugins\/seo\/ -->\n<title>General Conditions - Fran\u00e7ois et Julien PINON<\/title>\n<meta name=\"robots\" content=\"index, follow, max-snippet:-1, max-image-preview:large, max-video-preview:-1\" \/>\n<link rel=\"canonical\" href=\"https:\/\/francois-pinon-vouvray.com\/en\/general-conditions\/\" \/>\n<meta property=\"og:locale\" content=\"en_US\" \/>\n<meta property=\"og:type\" content=\"article\" \/>\n<meta property=\"og:title\" content=\"General Conditions - Fran\u00e7ois et Julien PINON\" \/>\n<meta property=\"og:description\" content=\"\u00c9DITEUR DU SITE Fran\u00e7ois Pinon Raison sociale : SCEA Fran\u00e7ois PINON &nbsp; DIRECTEUR DE LA PUBLICATION M. Julien PINON en sa qualit\u00e9 de xxxx. &nbsp; H\u00c9BERGEMENT OVH 2 rue Kellermann 59100 Roubaix France &nbsp; DESIGN ET INT\u00c9GRATION DESIGN : Gr\u00e9goire Audeguy INT\u00c9GRATION &amp; D\u00c9VELOPPEMENT : Mathilde Letard\" \/>\n<meta property=\"og:url\" content=\"https:\/\/francois-pinon-vouvray.com\/en\/general-conditions\/\" \/>\n<meta property=\"og:site_name\" content=\"Fran\u00e7ois et Julien PINON\" \/>\n<meta property=\"article:modified_time\" content=\"2016-03-25T17:52:07+00:00\" \/>\n<meta name=\"twitter:card\" content=\"summary_large_image\" \/>\n<script type=\"application\/ld+json\" class=\"yoast-schema-graph\">{\"@context\":\"https:\/\/schema.org\",\"@graph\":[{\"@type\":\"WebSite\",\"@id\":\"https:\/\/francois-pinon-vouvray.com\/#website\",\"url\":\"https:\/\/francois-pinon-vouvray.com\/\",\"name\":\"Fran\\u00e7ois et Julien PINON\",\"description\":\"Vouvray Wine\",\"potentialAction\":[{\"@type\":\"SearchAction\",\"target\":\"https:\/\/francois-pinon-vouvray.com\/?s={search_term_string}\",\"query-input\":\"required name=search_term_string\"}],\"inLanguage\":\"en-US\"},{\"@type\":\"WebPage\",\"@id\":\"https:\/\/francois-pinon-vouvray.com\/en\/general-conditions\/#webpage\",\"url\":\"https:\/\/francois-pinon-vouvray.com\/en\/general-conditions\/\",\"name\":\"General Conditions - Fran\\u00e7ois et Julien PINON\",\"isPartOf\":{\"@id\":\"https:\/\/francois-pinon-vouvray.com\/#website\"},\"datePublished\":\"2016-03-25T17:27:55+00:00\",\"dateModified\":\"2016-03-25T17:52:07+00:00\",\"breadcrumb\":{\"@id\":\"https:\/\/francois-pinon-vouvray.com\/en\/general-conditions\/#breadcrumb\"},\"inLanguage\":\"en-US\",\"potentialAction\":[{\"@type\":\"ReadAction\",\"target\":[\"https:\/\/francois-pinon-vouvray.com\/en\/general-conditions\/\"]}]},{\"@type\":\"BreadcrumbList\",\"@id\":\"https:\/\/francois-pinon-vouvray.com\/en\/general-conditions\/#breadcrumb\",\"itemListElement\":[{\"@type\":\"ListItem\",\"position\":1,\"item\":{\"@type\":\"WebPage\",\"@id\":\"https:\/\/francois-pinon-vouvray.com\/en\/accueil\/\",\"url\":\"https:\/\/francois-pinon-vouvray.com\/en\/accueil\/\",\"name\":\"Accueil\"}},{\"@type\":\"ListItem\",\"position\":2,\"item\":{\"@id\":\"https:\/\/francois-pinon-vouvray.com\/en\/general-conditions\/#webpage\"}}]}]}<\/script>\n<!-- \/ Yoast SEO plugin. -->","_links":{"self":[{"href":"https:\/\/francois-pinon-vouvray.com\/en\/wp-json\/wp\/v2\/pages\/1144"}],"collection":[{"href":"https:\/\/francois-pinon-vouvray.com\/en\/wp-json\/wp\/v2\/pages"}],"about":[{"href":"https:\/\/francois-pinon-vouvray.com\/en\/wp-json\/wp\/v2\/types\/page"}],"author":[{"embeddable":true,"href":"https:\/\/francois-pinon-vouvray.com\/en\/wp-json\/wp\/v2\/users\/1"}],"replies":[{"embeddable":true,"href":"https:\/\/francois-pinon-vouvray.com\/en\/wp-json\/wp\/v2\/comments?post=1144"}],"version-history":[{"count":0,"href":"https:\/\/francois-pinon-vouvray.com\/en\/wp-json\/wp\/v2\/pages\/1144\/revisions"}],"wp:attachment":[{"href":"https:\/\/francois-pinon-vouvray.com\/en\/wp-json\/wp\/v2\/media?parent=1144"}],"curies":[{"name":"wp","href":"https:\/\/api.w.org\/{rel}","templated":true}]}}