{"id":24,"date":"2016-01-04T15:43:37","date_gmt":"2016-01-04T14:43:37","guid":{"rendered":"http:\/\/francois-pinon-vouvray.com\/en\/?page_id=24"},"modified":"2018-03-14T14:59:34","modified_gmt":"2018-03-14T13:59:34","slug":"news","status":"publish","type":"page","link":"https:\/\/francois-pinon-vouvray.com\/en\/news\/","title":{"rendered":"News"},"content":{"rendered":"<h3>Our partnerships<\/h3>\n<ul>\n<li><a href=\"http:\/\/www.vindevouvray.com\/\" target=\"_blank\" rel=\"noopener\">Le Syndicat des vins de Vouvray<\/a><\/li>\n<li><a href=\"https:\/\/www.vinsvaldeloire.fr\/fr\/accueil\" target=\"_blank\" rel=\"noopener\">Interloire (le site officiel des vins de Loire)<\/a><\/li>\n<\/ul>\n<ul>\n<li><a href=\"https:\/\/www.bio-centre.org\/\" target=\"_blank\" rel=\"noopener\">Biocentre (le site de la bio en r\u00e9gion centre)<\/a><\/li>\n<li><a href=\"https:\/\/www.bio-centre.org\/index.php\/la-bio-en-centre-val-de-loire\/gab-2\" target=\"_blank\" rel=\"noopener\">Le Groupement des agriculteurs biologiques et biodynamiques de Touraine (GABBTO)<\/a><\/li>\n<li><a href=\"http:\/\/www.centre-valdeloire.chambres-agriculture.fr\/chambre-dagriculture-dindre-et-loire\/outils-daide-a-la-decision\/\" target=\"_blank\" rel=\"noopener\">Le Groupement de d\u00e9veloppement viti-vinicole d&#8217;Indre et Loire (GDVV) et ses parutions<\/a> (Alternatives viticoles)<\/li>\n<\/ul>\n<ul>\n<li><a href=\"https:\/\/www.facebook.com\/lareservecolbert\" target=\"_blank\" rel=\"noopener\">La R\u00e9serve (bar et \u00e9picerie \u00e0 Tours)<\/a><\/li>\n<li><a href=\"https:\/\/www.facebook.com\/La-Guinguette-de-Tours-sur-Loire-544306508948358\/\" target=\"_blank\" rel=\"noopener\">La guinguette de Tours<\/a><\/li>\n<\/ul>\n<ul>\n<li><a href=\"http:\/\/louisdressner.com\/\" target=\"_blank\" rel=\"noopener\">LOUIS\/DRESSNER<\/a> (notre importateur pour les Etats-Unis)<\/li>\n<li>Col de vigne (grossiste \u00e0 Paris)<\/li>\n<li>Une autre cave &#8211; Thierry TRUFFERT (notre agent sur l&#8217;Indre et Loire)<\/li>\n<\/ul>\n","protected":false},"excerpt":{"rendered":"<p>Our partnerships Le Syndicat des vins de Vouvray Interloire (le site officiel des vins de Loire) Biocentre (le site de la bio en r\u00e9gion centre) Le Groupement des agriculteurs biologiques et biodynamiques de Touraine (GABBTO) Le Groupement de d\u00e9veloppement viti-vinicole d&#8217;Indre et Loire (GDVV) et ses parutions (Alternatives viticoles) La R\u00e9serve (bar et \u00e9picerie \u00e0 [&hellip;]<\/p>\n","protected":false},"author":1,"featured_media":1563,"parent":0,"menu_order":0,"comment_status":"closed","ping_status":"closed","template":"page-actu.php","meta":[],"yoast_head":"<!-- This site is optimized with the Yoast SEO plugin v16.2 - https:\/\/yoast.com\/wordpress\/plugins\/seo\/ -->\n<title>News - Fran\u00e7ois et Julien PINON<\/title>\n<meta name=\"robots\" content=\"index, follow, max-snippet:-1, max-image-preview:large, max-video-preview:-1\" \/>\n<link rel=\"canonical\" href=\"https:\/\/francois-pinon-vouvray.com\/en\/news\/\" \/>\n<meta property=\"og:locale\" content=\"en_US\" \/>\n<meta property=\"og:type\" content=\"article\" \/>\n<meta property=\"og:title\" content=\"News - Fran\u00e7ois et Julien PINON\" \/>\n<meta property=\"og:description\" content=\"Our partnerships Le Syndicat des vins de Vouvray Interloire (le site officiel des vins de Loire) Biocentre (le site de la bio en r\u00e9gion centre) Le Groupement des agriculteurs biologiques et biodynamiques de Touraine (GABBTO) Le Groupement de d\u00e9veloppement viti-vinicole d&#8217;Indre et Loire (GDVV) et ses parutions (Alternatives viticoles) La R\u00e9serve (bar et \u00e9picerie \u00e0 [&hellip;]\" \/>\n<meta property=\"og:url\" content=\"https:\/\/francois-pinon-vouvray.com\/en\/news\/\" \/>\n<meta property=\"og:site_name\" content=\"Fran\u00e7ois et Julien PINON\" \/>\n<meta property=\"article:modified_time\" content=\"2018-03-14T13:59:34+00:00\" \/>\n<meta property=\"og:image\" content=\"https:\/\/francois-pinon-vouvray.com\/wp-content\/uploads\/Portes-ouvertes-Francois-PINON-2016.jpg\" \/>\n\t<meta property=\"og:image:width\" content=\"2895\" \/>\n\t<meta property=\"og:image:height\" content=\"4091\" \/>\n<meta name=\"twitter:card\" content=\"summary_large_image\" \/>\n<script type=\"application\/ld+json\" class=\"yoast-schema-graph\">{\"@context\":\"https:\/\/schema.org\",\"@graph\":[{\"@type\":\"WebSite\",\"@id\":\"https:\/\/francois-pinon-vouvray.com\/#website\",\"url\":\"https:\/\/francois-pinon-vouvray.com\/\",\"name\":\"Fran\\u00e7ois et Julien PINON\",\"description\":\"Vouvray Wine\",\"potentialAction\":[{\"@type\":\"SearchAction\",\"target\":\"https:\/\/francois-pinon-vouvray.com\/?s={search_term_string}\",\"query-input\":\"required name=search_term_string\"}],\"inLanguage\":\"en-US\"},{\"@type\":\"ImageObject\",\"@id\":\"https:\/\/francois-pinon-vouvray.com\/en\/news\/#primaryimage\",\"inLanguage\":\"en-US\",\"url\":\"https:\/\/francois-pinon-vouvray.com\/wp-content\/uploads\/Portes-ouvertes-Francois-PINON-2016.jpg\",\"contentUrl\":\"https:\/\/francois-pinon-vouvray.com\/wp-content\/uploads\/Portes-ouvertes-Francois-PINON-2016.jpg\",\"width\":2895,\"height\":4091},{\"@type\":\"WebPage\",\"@id\":\"https:\/\/francois-pinon-vouvray.com\/en\/news\/#webpage\",\"url\":\"https:\/\/francois-pinon-vouvray.com\/en\/news\/\",\"name\":\"News - Fran\\u00e7ois et Julien PINON\",\"isPartOf\":{\"@id\":\"https:\/\/francois-pinon-vouvray.com\/#website\"},\"primaryImageOfPage\":{\"@id\":\"https:\/\/francois-pinon-vouvray.com\/en\/news\/#primaryimage\"},\"datePublished\":\"2016-01-04T14:43:37+00:00\",\"dateModified\":\"2018-03-14T13:59:34+00:00\",\"breadcrumb\":{\"@id\":\"https:\/\/francois-pinon-vouvray.com\/en\/news\/#breadcrumb\"},\"inLanguage\":\"en-US\",\"potentialAction\":[{\"@type\":\"ReadAction\",\"target\":[\"https:\/\/francois-pinon-vouvray.com\/en\/news\/\"]}]},{\"@type\":\"BreadcrumbList\",\"@id\":\"https:\/\/francois-pinon-vouvray.com\/en\/news\/#breadcrumb\",\"itemListElement\":[{\"@type\":\"ListItem\",\"position\":1,\"item\":{\"@type\":\"WebPage\",\"@id\":\"https:\/\/francois-pinon-vouvray.com\/en\/accueil\/\",\"url\":\"https:\/\/francois-pinon-vouvray.com\/en\/accueil\/\",\"name\":\"Accueil\"}},{\"@type\":\"ListItem\",\"position\":2,\"item\":{\"@id\":\"https:\/\/francois-pinon-vouvray.com\/en\/news\/#webpage\"}}]}]}<\/script>\n<!-- \/ Yoast SEO plugin. -->","_links":{"self":[{"href":"https:\/\/francois-pinon-vouvray.com\/en\/wp-json\/wp\/v2\/pages\/24"}],"collection":[{"href":"https:\/\/francois-pinon-vouvray.com\/en\/wp-json\/wp\/v2\/pages"}],"about":[{"href":"https:\/\/francois-pinon-vouvray.com\/en\/wp-json\/wp\/v2\/types\/page"}],"author":[{"embeddable":true,"href":"https:\/\/francois-pinon-vouvray.com\/en\/wp-json\/wp\/v2\/users\/1"}],"replies":[{"embeddable":true,"href":"https:\/\/francois-pinon-vouvray.com\/en\/wp-json\/wp\/v2\/comments?post=24"}],"version-history":[{"count":0,"href":"https:\/\/francois-pinon-vouvray.com\/en\/wp-json\/wp\/v2\/pages\/24\/revisions"}],"wp:featuredmedia":[{"embeddable":true,"href":"https:\/\/francois-pinon-vouvray.com\/en\/wp-json\/wp\/v2\/media\/1563"}],"wp:attachment":[{"href":"https:\/\/francois-pinon-vouvray.com\/en\/wp-json\/wp\/v2\/media?parent=24"}],"curies":[{"name":"wp","href":"https:\/\/api.w.org\/{rel}","templated":true}]}}